{"id":10821,"date":"2017-10-11T10:22:55","date_gmt":"2017-10-11T07:22:55","guid":{"rendered":"https:\/\/www.bitsoftware.eu\/test.bitsoftware.eu\/bitsoftware-2017\/?page_id=10821"},"modified":"2019-08-07T14:39:44","modified_gmt":"2019-08-07T11:39:44","slug":"field-book-agro-application-fbaa-en","status":"publish","type":"page","link":"https:\/\/www.bitsoftware.eu\/test.bitsoftware.eu\/en\/field-book-agro-application-fbaa-en\/","title":{"rendered":"Field Book Agro Application FBAA-en"},"content":{"rendered":"<div id=\"pl-10821\"  class=\"panel-layout\" ><div id=\"pg-10821-0\"  class=\"panel-grid panel-has-style\" ><div class=\"siteorigin-panels-stretch panel-row-style panel-row-style-for-10821-0\" data-stretch-type=\"full-stretched\" ><div id=\"pgc-10821-0-0\"  class=\"panel-grid-cell\" ><div id=\"panel-10821-0-0-0\" class=\"so-panel widget widget_sow-hero panel-first-child panel-last-child\" data-index=\"0\" ><div class=\"wow fadeIn panel-widget-style panel-widget-style-for-10821-0-0-0\" data-wow-offset=\"10\" data-wow-iteration=\"1\" ><div\n\t\t\t\n\t\t\tclass=\"so-widget-sow-hero so-widget-sow-hero-default-e01071567346-10821 so-widget-fittext-wrapper\"\n\t\t\t\n\t\t>\t\t\t\t<div class=\"sow-slider-base\" style=\"display: none\" tabindex=\"0\">\n\t\t\t\t\t<ul\n\t\t\t\t\tclass=\"sow-slider-images\"\n\t\t\t\t\tdata-settings=\"{&quot;pagination&quot;:true,&quot;speed&quot;:900,&quot;timeout&quot;:7000,&quot;paused&quot;:false,&quot;pause_on_hover&quot;:false,&quot;swipe&quot;:true,&quot;nav_always_show_desktop&quot;:&quot;&quot;,&quot;nav_always_show_mobile&quot;:&quot;&quot;,&quot;breakpoint&quot;:&quot;780px&quot;,&quot;unmute&quot;:false,&quot;anchor&quot;:null}\"\n\t\t\t\t\t\t\t\t\t\tdata-anchor-id=\"\"\n\t\t\t\t>\t\t<li class=\"sow-slider-image\" style=\"visibility: visible;;background-color: #2f3f4d;cursor: pointer;\" data-url=\"{&quot;url&quot;:&quot;#&quot;,&quot;new_window&quot;:false}\" >\n\t\t\t\t\t<div class=\"sow-slider-image-container\">\n\t\t\t<div class=\"sow-slider-image-wrapper\">\n\t\t\t\t<h1 style=\"text-align: center\"><strong>FIELD BOOK AGRO APPLICATION - FBAA<\/strong><\/h1>\t\t\t<\/div>\n\t\t<\/div>\n\t\t\t\t<\/li>\n\t\t<\/ul>\t\t\t\t<ol class=\"sow-slider-pagination\">\n\t\t\t\t\t\t\t\t\t\t\t<li><a href=\"#\" data-goto=\"0\" aria-label=\"Display slide 1\"><\/a><\/li>\n\t\t\t\t\t\t\t\t\t<\/ol>\n\n\t\t\t\t<div class=\"sow-slide-nav sow-slide-nav-next\">\n\t\t\t\t\t<a href=\"#\" data-goto=\"next\" aria-label=\"Next slide\" data-action=\"next\">\n\t\t\t\t\t\t<em class=\"sow-sld-icon-ultra-thin-right\"><\/em>\n\t\t\t\t\t<\/a>\n\t\t\t\t<\/div>\n\n\t\t\t\t<div class=\"sow-slide-nav sow-slide-nav-prev\">\n\t\t\t\t\t<a href=\"#\" data-goto=\"previous\" aria-label=\"Previous slide\" data-action=\"prev\">\n\t\t\t\t\t\t<em class=\"sow-sld-icon-ultra-thin-left\"><\/em>\n\t\t\t\t\t<\/a>\n\t\t\t\t<\/div>\n\t\t\t\t<\/div><\/div><\/div><\/div><\/div><\/div><\/div><div id=\"pg-10821-1\"  class=\"panel-grid panel-has-style\" ><div class=\"siteorigin-panels-stretch panel-row-style panel-row-style-for-10821-1\" data-stretch-type=\"full\" ><div id=\"pgc-10821-1-0\"  class=\"panel-grid-cell\" ><div id=\"panel-10821-1-0-0\" class=\"so-panel widget widget_sow-layout-slider panel-first-child panel-last-child\" data-index=\"1\" ><div id=\"ebooks\" class=\"panel-widget-style panel-widget-style-for-10821-1-0-0\" ><div\n\t\t\t\n\t\t\tclass=\"so-widget-sow-layout-slider so-widget-sow-layout-slider-default-07295e1cb49d-10821\"\n\t\t\t\n\t\t>\t\t\t\t<div class=\"sow-slider-base\" style=\"display: none\" tabindex=\"0\">\n\t\t\t\t\t<ul\n\t\t\t\t\tclass=\"sow-slider-images\"\n\t\t\t\t\tdata-settings=\"{&quot;pagination&quot;:true,&quot;speed&quot;:800,&quot;timeout&quot;:8000,&quot;paused&quot;:false,&quot;pause_on_hover&quot;:false,&quot;swipe&quot;:true,&quot;nav_always_show_desktop&quot;:&quot;&quot;,&quot;nav_always_show_mobile&quot;:&quot;&quot;,&quot;breakpoint&quot;:&quot;780px&quot;,&quot;unmute&quot;:false,&quot;anchor&quot;:null}\"\n\t\t\t\t\t\t\t\t\t\tdata-anchor-id=\"\"\n\t\t\t\t>\t\t<li class=\"sow-slider-image\" style=\"visibility: visible;\" >\n\t\t\t\t\t<div class=\"sow-slider-image-container\">\n\t\t\t<div class=\"sow-slider-image-wrapper\">\n\t\t\t\t<div id=\"pl-w2bceb6d0\"  class=\"panel-layout\" ><div id=\"pg-w2bceb6d0-0\"  class=\"panel-grid panel-no-style\" ><div id=\"pgc-w2bceb6d0-0-0\"  class=\"panel-grid-cell\" ><div id=\"panel-w2bceb6d0-0-0-0\" class=\"so-panel widget widget_sow-image panel-first-child panel-last-child\" data-index=\"0\" ><div\n\t\t\t\n\t\t\tclass=\"so-widget-sow-image so-widget-sow-image-default-c67d20f9f743-10821\"\n\t\t\t\n\t\t>\n<div class=\"sow-image-container\">\n\t\t<img loading=\"lazy\" decoding=\"async\" src=\"https:\/\/www.bitsoftware.eu\/test.bitsoftware.eu\/wp-content\/uploads\/logo-UE.png\" width=\"300\" height=\"200\" srcset=\"https:\/\/www.bitsoftware.eu\/test.bitsoftware.eu\/wp-content\/uploads\/logo-UE.png 300w, https:\/\/www.bitsoftware.eu\/test.bitsoftware.eu\/wp-content\/uploads\/logo-UE-272x182.png 272w\" sizes=\"auto, (max-width: 300px) 100vw, 300px\" title=\"logo UE\" alt=\"\" \t\tclass=\"so-widget-image\"\/>\n\t<\/div>\n\n<\/div><\/div><\/div><div id=\"pgc-w2bceb6d0-0-1\"  class=\"panel-grid-cell\" ><div id=\"panel-w2bceb6d0-0-1-0\" class=\"so-panel widget widget_sow-image panel-first-child panel-last-child\" data-index=\"1\" ><div\n\t\t\t\n\t\t\tclass=\"so-widget-sow-image so-widget-sow-image-default-c67d20f9f743-10821\"\n\t\t\t\n\t\t>\n<div class=\"sow-image-container\">\n\t\t<img loading=\"lazy\" decoding=\"async\" src=\"https:\/\/www.bitsoftware.eu\/test.bitsoftware.eu\/wp-content\/uploads\/logo-guvernul-romaniei.png\" width=\"300\" height=\"200\" srcset=\"https:\/\/www.bitsoftware.eu\/test.bitsoftware.eu\/wp-content\/uploads\/logo-guvernul-romaniei.png 300w, https:\/\/www.bitsoftware.eu\/test.bitsoftware.eu\/wp-content\/uploads\/logo-guvernul-romaniei-272x182.png 272w\" sizes=\"auto, (max-width: 300px) 100vw, 300px\" title=\"logo guvernul romaniei\" alt=\"\" \t\tclass=\"so-widget-image\"\/>\n\t<\/div>\n\n<\/div><\/div><\/div><div id=\"pgc-w2bceb6d0-0-2\"  class=\"panel-grid-cell panel-grid-cell-mobile-last\" ><div id=\"panel-w2bceb6d0-0-2-0\" class=\"so-panel widget widget_sow-image panel-first-child panel-last-child\" data-index=\"2\" ><div\n\t\t\t\n\t\t\tclass=\"so-widget-sow-image so-widget-sow-image-default-c67d20f9f743-10821\"\n\t\t\t\n\t\t>\n<div class=\"sow-image-container\">\n\t\t<img loading=\"lazy\" decoding=\"async\" src=\"https:\/\/www.bitsoftware.eu\/test.bitsoftware.eu\/wp-content\/uploads\/logo-IS.png\" width=\"300\" height=\"200\" srcset=\"https:\/\/www.bitsoftware.eu\/test.bitsoftware.eu\/wp-content\/uploads\/logo-IS.png 300w, https:\/\/www.bitsoftware.eu\/test.bitsoftware.eu\/wp-content\/uploads\/logo-IS-272x182.png 272w\" sizes=\"auto, (max-width: 300px) 100vw, 300px\" title=\"logo IS\" alt=\"\" \t\tclass=\"so-widget-image\"\/>\n\t<\/div>\n\n<\/div><\/div><\/div><div id=\"pgc-w2bceb6d0-0-3\"  class=\"panel-grid-cell panel-grid-cell-empty\" ><\/div><\/div><div id=\"pg-w2bceb6d0-1\"  class=\"panel-grid panel-no-style\" ><div id=\"pgc-w2bceb6d0-1-0\"  class=\"panel-grid-cell\" ><div id=\"panel-w2bceb6d0-1-0-0\" class=\"so-panel widget widget_sow-editor panel-first-child panel-last-child\" data-index=\"3\" ><div\n\t\t\t\n\t\t\tclass=\"so-widget-sow-editor so-widget-sow-editor-base\"\n\t\t\t\n\t\t>\n<div class=\"siteorigin-widget-tinymce textwidget\">\n\t<p>Pentru informa\u021bii detaliate despre celelalte programe cofinan\u021bate de Uniunea European\u0103 v\u0103 invit\u0103m s\u0103 vizita\u021bi\u00a0<a href=\"http:\/\/www.fonduri-ue.ro\/\" target=\"_blank\" rel=\"noopener\" data-saferedirecturl=\"https:\/\/www.google.com\/url?hl=en&amp;q=http:\/\/www.fonduri-ue.ro&amp;source=gmail&amp;ust=1507097295893000&amp;usg=AFQjCNHlHojc1Q7t4aWFBhuUbQncQvkibg\">www.fonduri-ue.ro<\/a><\/p>\n<h4>INFORMA\u021aII GENERALE:<\/h4>\n<h4><strong>\u201dFIELD BOOK AGRO APPLICATION - FBAA\u201d<\/strong><\/h4>\n<p><strong>Beneficiar: BIT SOFTWARE S.R.L., cu sediul \u00een Mun. Bra\u015fov, Str. Rozelor, nr. 1, jud. Bra\u015fov, cod po\u015ftal 500381<\/strong><br \/>\n<strong>Cod SMIS: 115 887<\/strong><br \/>\n<strong>Numar online al proiectului : 189<\/strong><\/p>\n<p><strong>Cofinan\u021bat prin:<\/strong> Fondul European de Dezvoltare Regional\u0103 - Programul Operational Competitivitate 2014-2020<br \/>\n<strong>Axa prioritar\u0103 2:<\/strong> Tehnologia Informa\u0163iei \u015fi Comunica\u0163iilor (TIC) pentru o economie digital\u0103 competitiv\u0103<br \/>\n<strong>Ac\u0163iunea 2.2.1:<\/strong> Sprijinirea cre\u015fterii valorii ad\u0103ugate generate de sectorul TIC \u015fi a inov\u0103rii \u00een domeniu prin dezvoltarea de clustere<br \/>\n<strong>Contract de finan\u021bare:<\/strong> 81\/08.08.2017<br \/>\n<strong>\u00cencheiat cu:<\/strong> Ministerul Comunica\u0163iilor \u015fi Societ\u0103\u0163ii Informa\u0163ionale, \u00een calitate de Organism Intermediar, \u00een numele \u015fi pentru Ministerul Dezvolt\u0103rii Regionale, Administra\u0163iei Publice \u015fi Fondurilor Europene (MDRAPFE), \u00een calitate de Autoritate de Management pentru Programul Opera\u0163ional Competitivitate 2014-2020<br \/>\n<strong>Durata proiectului:<\/strong> 24 luni<br \/>\n<strong>Data \u00eenceperii proiectului:<\/strong> 08 august 2017<br \/>\n<strong>Data finaliz\u0103rii proiectului:<\/strong> 07.08.2019<br \/>\n<strong>Valoarea total\u0103 a proiectului:<\/strong> 2 532 680,12 lei<br \/>\n<strong>Asisten\u0163a financiar\u0103 nerambursabil\u0103:<\/strong> 1.353.672,99 lei (FEDR 1.150.622,04 lei si bugetul national 203.050,95 lei)<br \/>\n<strong>Cofinan\u0163are asigurat\u0103 de beneficiar:<\/strong> 1.100.722,32 lei<br \/>\n<strong>Locul implement\u0103rii:<\/strong> Mun. Bra\u015fov, Str. Rozelor, nr. 1, jud. Bra\u015fov, cod po\u015ftal 500381<\/p>\n<h4><strong>OBIECTIVUL PROIECTULUI:<\/strong><\/h4>\n<p>Dezvoltarea unui produs software dedicat proceselor de produc\u0163ie \u00een business-ul agricol, numit Field Book Agro Application (FBAA), concretizat \u00een fundamentarea \u015fi dezvoltarea unei platforme informatice care asigur\u0103 eficientizarea managementului produc\u0163iei agricole \u015fi optimizarea proceselor decizionale de la nivelul unei organiza\u0163ii agricole prin crearea de instrumente analitice specializate pentru a realiza analize descriptive (retroactive), de diagnoz\u0103 (\u00een timp real), predictive \u015fi prescriptive, utiliz\u00e2nd baze de cuno\u015ftin\u0163e expert \u015fi date colectate din re\u0163ele de obiecte inteligente guvernate de protocoale ale Internetului Lucrurilor (en. Internet of Things). Platforma integreaz\u0103 module specializate de planificare a produc\u0163iei, de gestiune a resurselor, de raportare, analiz\u0103, monitorizare, predic\u0163ie, decizie \u015fi control.<\/p>\n<h4><strong>REZULTATELE A\u0218TEPTATE:<\/strong><\/h4>\n<p>O platform\u0103 informatic\u0103 FBAA func\u0163ional\u0103<\/p>\n<p><em>Acest proiect este cofinan\u021bat prin Fondul European de Dezvoltare Regional\u0103, Administra\u021biei Publice \u0219i Fondurilor Europene (MDRAPFE) \u00een calitate de Autoritate de Management pentru Programul Opera\u021bional Competitivitate (2014-2020).<\/em><\/p>\n<p>Competitivi \u00eempreun\u0103!<\/p>\n<p>&nbsp;<\/p>\n<\/div>\n<\/div><\/div><\/div><\/div><\/div>\t\t\t<\/div>\n\t\t<\/div>\n\t\t\t\t<\/li>\n\t\t<\/ul>\t\t\t\t<ol class=\"sow-slider-pagination\">\n\t\t\t\t\t\t\t\t\t\t\t<li><a href=\"#\" data-goto=\"0\" aria-label=\"Display slide 1\"><\/a><\/li>\n\t\t\t\t\t\t\t\t\t<\/ol>\n\n\t\t\t\t<div class=\"sow-slide-nav sow-slide-nav-next\">\n\t\t\t\t\t<a href=\"#\" data-goto=\"next\" aria-label=\"Next slide\" data-action=\"next\">\n\t\t\t\t\t\t<em class=\"sow-sld-icon-thin-right\"><\/em>\n\t\t\t\t\t<\/a>\n\t\t\t\t<\/div>\n\n\t\t\t\t<div class=\"sow-slide-nav sow-slide-nav-prev\">\n\t\t\t\t\t<a href=\"#\" data-goto=\"previous\" aria-label=\"Previous slide\" data-action=\"prev\">\n\t\t\t\t\t\t<em class=\"sow-sld-icon-thin-left\"><\/em>\n\t\t\t\t\t<\/a>\n\t\t\t\t<\/div>\n\t\t\t\t<\/div><\/div><\/div><\/div><\/div><\/div><\/div><div id=\"pg-10821-2\"  class=\"panel-grid panel-has-style\" ><div class=\"siteorigin-panels-stretch panel-row-style panel-row-style-for-10821-2\" data-stretch-type=\"full\" ><div id=\"pgc-10821-2-0\"  class=\"panel-grid-cell\" ><div id=\"panel-10821-2-0-0\" class=\"so-panel widget widget_sow-layout-slider panel-first-child panel-last-child\" data-index=\"2\" ><div class=\"wow fadeInDown panel-widget-style panel-widget-style-for-10821-2-0-0\" data-wow-offset=\"10\" data-wow-iteration=\"1\" ><div\n\t\t\t\n\t\t\tclass=\"so-widget-sow-layout-slider so-widget-sow-layout-slider-default-590debeed483-10821\"\n\t\t\t\n\t\t>\t\t\t\t<div class=\"sow-slider-base\" style=\"display: none\" tabindex=\"0\">\n\t\t\t\t\t<ul\n\t\t\t\t\tclass=\"sow-slider-images\"\n\t\t\t\t\tdata-settings=\"{&quot;pagination&quot;:true,&quot;speed&quot;:800,&quot;timeout&quot;:8000,&quot;paused&quot;:false,&quot;pause_on_hover&quot;:false,&quot;swipe&quot;:true,&quot;nav_always_show_desktop&quot;:&quot;&quot;,&quot;nav_always_show_mobile&quot;:&quot;&quot;,&quot;breakpoint&quot;:&quot;780px&quot;,&quot;unmute&quot;:false,&quot;anchor&quot;:null}\"\n\t\t\t\t\t\t\t\t\t\tdata-anchor-id=\"\"\n\t\t\t\t>\t\t<li class=\"sow-slider-image\" style=\"visibility: visible;\" >\n\t\t\t\t\t<div class=\"sow-slider-image-container\">\n\t\t\t<div class=\"sow-slider-image-wrapper\">\n\t\t\t\t<div id=\"pl-w727ed307\"  class=\"panel-layout\" ><div id=\"pg-w727ed307-0\"  class=\"panel-grid panel-no-style\" ><div id=\"pgc-w727ed307-0-0\"  class=\"panel-grid-cell\" ><div id=\"panel-w727ed307-0-0-0\" class=\"so-panel widget widget_sow-editor panel-first-child panel-last-child\" data-index=\"0\" ><div\n\t\t\t\n\t\t\tclass=\"so-widget-sow-editor so-widget-sow-editor-base\"\n\t\t\t\n\t\t>\n<div class=\"siteorigin-widget-tinymce textwidget\">\n\t<h2 style=\"text-align: left;\"><strong>\u00centreb\u0103ri?<\/strong><\/h2>\n<p>Contacta\u021bi-ne \u0219i sta\u021bi de vorb\u0103 cu unul dintre speciali\u0219tii no\u0219tri.<\/p>\n<\/div>\n<\/div><\/div><\/div><div id=\"pgc-w727ed307-0-1\"  class=\"panel-grid-cell\" ><div id=\"panel-w727ed307-0-1-0\" class=\"so-panel widget widget_sow-button panel-first-child panel-last-child\" data-index=\"1\" ><div\n\t\t\t\n\t\t\tclass=\"so-widget-sow-button so-widget-sow-button-flat-e8d4b20f23e2-10821\"\n\t\t\t\n\t\t><div class=\"ow-button-base ow-button-align-left\">\n\t\t\t<a\n\t\t\t\t\thref=\"https:\/\/www.bitsoftware.eu\/test.bitsoftware.eu\/programati-o-intalnire-cu-un-specialist-erp-crm-wms-bi\/\"\n\t\t\t\t\tclass=\"sowb-button ow-icon-placement-left ow-button-hover\" \t>\n\t\t<span>\n\t\t\t\n\t\t\tPrograma\u021bi o \u00eent\u00e2lnire\t\t<\/span>\n\t\t\t<\/a>\n\t<\/div>\n<\/div><\/div><\/div><\/div><\/div>\t\t\t<\/div>\n\t\t<\/div>\n\t\t\t\t<\/li>\n\t\t<\/ul>\t\t\t\t<ol class=\"sow-slider-pagination\">\n\t\t\t\t\t\t\t\t\t\t\t<li><a href=\"#\" data-goto=\"0\" aria-label=\"Display slide 1\"><\/a><\/li>\n\t\t\t\t\t\t\t\t\t<\/ol>\n\n\t\t\t\t<div class=\"sow-slide-nav sow-slide-nav-next\">\n\t\t\t\t\t<a href=\"#\" data-goto=\"next\" aria-label=\"Next slide\" data-action=\"next\">\n\t\t\t\t\t\t<em class=\"sow-sld-icon-ultra-thin-rounded-right\"><\/em>\n\t\t\t\t\t<\/a>\n\t\t\t\t<\/div>\n\n\t\t\t\t<div class=\"sow-slide-nav sow-slide-nav-prev\">\n\t\t\t\t\t<a href=\"#\" data-goto=\"previous\" aria-label=\"Previous slide\" data-action=\"prev\">\n\t\t\t\t\t\t<em class=\"sow-sld-icon-ultra-thin-rounded-left\"><\/em>\n\t\t\t\t\t<\/a>\n\t\t\t\t<\/div>\n\t\t\t\t<\/div><\/div><\/div><\/div><\/div><\/div><\/div><\/div>","protected":false},"excerpt":{"rendered":"<p>FIELD BOOK AGRO APPLICATION &#8211; FBAA Pentru informa\u021bii detaliate despre celelalte programe cofinan\u021bate de Uniunea European\u0103 v\u0103 invit\u0103m s\u0103 vizita\u021bi\u00a0www.fonduri-ue.ro INFORMA\u021aII GENERALE: \u201dFIELD BOOK AGRO APPLICATION &#8211; FBAA\u201d Beneficiar: BIT SOFTWARE S.R.L., cu sediul \u00een Mun. Bra\u015fov, Str. Rozelor, nr. 1, jud. Bra\u015fov, cod po\u015ftal 500381 Cod SMIS: 115 887 Numar online al proiectului : [&hellip;]<\/p>\n","protected":false},"author":1,"featured_media":0,"parent":0,"menu_order":0,"comment_status":"closed","ping_status":"open","template":"","meta":{"footnotes":""},"class_list":["post-10821","page","type-page","status-publish","hentry","post"],"yoast_head":"<!-- This site is optimized with the Yoast SEO plugin v24.4 - https:\/\/yoast.com\/wordpress\/plugins\/seo\/ -->\n<title>FIELD BOOK AGRO APPLICATION - FBAA<\/title>\n<meta name=\"description\" content=\"Solu\u021bii de business ERP &amp; CRM &amp; WMS &amp; BI. Termeni \u0219i condi\u021bii.\" \/>\n<meta name=\"robots\" content=\"noindex, nofollow\" \/>\n<meta property=\"og:locale\" content=\"en_GB\" \/>\n<meta property=\"og:type\" content=\"article\" \/>\n<meta property=\"og:title\" content=\"FIELD BOOK AGRO APPLICATION - FBAA\" \/>\n<meta property=\"og:description\" content=\"Solu\u021bii de business ERP &amp; CRM &amp; WMS &amp; BI. Termeni \u0219i condi\u021bii.\" \/>\n<meta property=\"og:url\" content=\"https:\/\/www.bitsoftware.eu\/test.bitsoftware.eu\/en\/field-book-agro-application-fbaa-en\/\" \/>\n<meta property=\"og:site_name\" content=\"BITSoftware\" \/>\n<meta property=\"article:publisher\" content=\"https:\/\/www.facebook.com\/bitsoftware\/\" \/>\n<meta property=\"article:modified_time\" content=\"2019-08-07T11:39:44+00:00\" \/>\n<meta name=\"twitter:card\" content=\"summary_large_image\" \/>\n<meta name=\"twitter:site\" content=\"@BITSoftware\" \/>\n<script type=\"application\/ld+json\" class=\"yoast-schema-graph\">{\"@context\":\"https:\/\/schema.org\",\"@graph\":[{\"@type\":\"WebPage\",\"@id\":\"https:\/\/www.bitsoftware.eu\/test.bitsoftware.eu\/en\/field-book-agro-application-fbaa-en\/\",\"url\":\"https:\/\/www.bitsoftware.eu\/test.bitsoftware.eu\/en\/field-book-agro-application-fbaa-en\/\",\"name\":\"FIELD BOOK AGRO APPLICATION - FBAA\",\"isPartOf\":{\"@id\":\"https:\/\/www.bitsoftware.eu\/test.bitsoftware.eu\/#website\"},\"datePublished\":\"2017-10-11T07:22:55+00:00\",\"dateModified\":\"2019-08-07T11:39:44+00:00\",\"description\":\"Solu\u021bii de business ERP & CRM & WMS & BI. Termeni \u0219i condi\u021bii.\",\"breadcrumb\":{\"@id\":\"https:\/\/www.bitsoftware.eu\/test.bitsoftware.eu\/en\/field-book-agro-application-fbaa-en\/#breadcrumb\"},\"inLanguage\":\"en-GB\",\"potentialAction\":[{\"@type\":\"ReadAction\",\"target\":[\"https:\/\/www.bitsoftware.eu\/test.bitsoftware.eu\/en\/field-book-agro-application-fbaa-en\/\"]}]},{\"@type\":\"BreadcrumbList\",\"@id\":\"https:\/\/www.bitsoftware.eu\/test.bitsoftware.eu\/en\/field-book-agro-application-fbaa-en\/#breadcrumb\",\"itemListElement\":[{\"@type\":\"ListItem\",\"position\":1,\"name\":\"Home\",\"item\":\"https:\/\/www.bitsoftware.eu\/test.bitsoftware.eu\/\"},{\"@type\":\"ListItem\",\"position\":2,\"name\":\"Field Book Agro Application FBAA-en\"}]},{\"@type\":\"WebSite\",\"@id\":\"https:\/\/www.bitsoftware.eu\/test.bitsoftware.eu\/#website\",\"url\":\"https:\/\/www.bitsoftware.eu\/test.bitsoftware.eu\/\",\"name\":\"BITSoftware\",\"description\":\"ERP &amp; CRM &amp; BI &amp; WMS Software Solutions\",\"publisher\":{\"@id\":\"https:\/\/www.bitsoftware.eu\/test.bitsoftware.eu\/#organization\"},\"potentialAction\":[{\"@type\":\"SearchAction\",\"target\":{\"@type\":\"EntryPoint\",\"urlTemplate\":\"https:\/\/www.bitsoftware.eu\/test.bitsoftware.eu\/?s={search_term_string}\"},\"query-input\":{\"@type\":\"PropertyValueSpecification\",\"valueRequired\":true,\"valueName\":\"search_term_string\"}}],\"inLanguage\":\"en-GB\"},{\"@type\":\"Organization\",\"@id\":\"https:\/\/www.bitsoftware.eu\/test.bitsoftware.eu\/#organization\",\"name\":\"BITSoftware\",\"url\":\"https:\/\/www.bitsoftware.eu\/test.bitsoftware.eu\/\",\"logo\":{\"@type\":\"ImageObject\",\"inLanguage\":\"en-GB\",\"@id\":\"https:\/\/www.bitsoftware.eu\/test.bitsoftware.eu\/#\/schema\/logo\/image\/\",\"url\":\"https:\/\/www.bitsoftware.eu\/test.bitsoftware.eu\/wp-content\/uploads\/Logo-BITSoftware-e1495106087891.png\",\"contentUrl\":\"https:\/\/www.bitsoftware.eu\/test.bitsoftware.eu\/wp-content\/uploads\/Logo-BITSoftware-e1495106087891.png\",\"width\":90,\"height\":63,\"caption\":\"BITSoftware\"},\"image\":{\"@id\":\"https:\/\/www.bitsoftware.eu\/test.bitsoftware.eu\/#\/schema\/logo\/image\/\"},\"sameAs\":[\"https:\/\/www.facebook.com\/bitsoftware\/\",\"https:\/\/x.com\/BITSoftware\",\"https:\/\/www.linkedin.com\/company-beta\/98784\/\",\"https:\/\/ro.pinterest.com\/BITSoftware\/\",\"https:\/\/www.youtube.com\/user\/BitSoftware\",\"https:\/\/ro.wikipedia.org\/wiki\/BITSoftware\"]}]}<\/script>\n<!-- \/ Yoast SEO plugin. -->","yoast_head_json":{"title":"FIELD BOOK AGRO APPLICATION - FBAA","description":"Solu\u021bii de business ERP & CRM & WMS & BI. Termeni \u0219i condi\u021bii.","robots":{"index":"noindex","follow":"nofollow"},"og_locale":"en_GB","og_type":"article","og_title":"FIELD BOOK AGRO APPLICATION - FBAA","og_description":"Solu\u021bii de business ERP & CRM & WMS & BI. Termeni \u0219i condi\u021bii.","og_url":"https:\/\/www.bitsoftware.eu\/test.bitsoftware.eu\/en\/field-book-agro-application-fbaa-en\/","og_site_name":"BITSoftware","article_publisher":"https:\/\/www.facebook.com\/bitsoftware\/","article_modified_time":"2019-08-07T11:39:44+00:00","twitter_card":"summary_large_image","twitter_site":"@BITSoftware","schema":{"@context":"https:\/\/schema.org","@graph":[{"@type":"WebPage","@id":"https:\/\/www.bitsoftware.eu\/test.bitsoftware.eu\/en\/field-book-agro-application-fbaa-en\/","url":"https:\/\/www.bitsoftware.eu\/test.bitsoftware.eu\/en\/field-book-agro-application-fbaa-en\/","name":"FIELD BOOK AGRO APPLICATION - FBAA","isPartOf":{"@id":"https:\/\/www.bitsoftware.eu\/test.bitsoftware.eu\/#website"},"datePublished":"2017-10-11T07:22:55+00:00","dateModified":"2019-08-07T11:39:44+00:00","description":"Solu\u021bii de business ERP & CRM & WMS & BI. Termeni \u0219i condi\u021bii.","breadcrumb":{"@id":"https:\/\/www.bitsoftware.eu\/test.bitsoftware.eu\/en\/field-book-agro-application-fbaa-en\/#breadcrumb"},"inLanguage":"en-GB","potentialAction":[{"@type":"ReadAction","target":["https:\/\/www.bitsoftware.eu\/test.bitsoftware.eu\/en\/field-book-agro-application-fbaa-en\/"]}]},{"@type":"BreadcrumbList","@id":"https:\/\/www.bitsoftware.eu\/test.bitsoftware.eu\/en\/field-book-agro-application-fbaa-en\/#breadcrumb","itemListElement":[{"@type":"ListItem","position":1,"name":"Home","item":"https:\/\/www.bitsoftware.eu\/test.bitsoftware.eu\/"},{"@type":"ListItem","position":2,"name":"Field Book Agro Application FBAA-en"}]},{"@type":"WebSite","@id":"https:\/\/www.bitsoftware.eu\/test.bitsoftware.eu\/#website","url":"https:\/\/www.bitsoftware.eu\/test.bitsoftware.eu\/","name":"BITSoftware","description":"ERP &amp; CRM &amp; BI &amp; WMS Software Solutions","publisher":{"@id":"https:\/\/www.bitsoftware.eu\/test.bitsoftware.eu\/#organization"},"potentialAction":[{"@type":"SearchAction","target":{"@type":"EntryPoint","urlTemplate":"https:\/\/www.bitsoftware.eu\/test.bitsoftware.eu\/?s={search_term_string}"},"query-input":{"@type":"PropertyValueSpecification","valueRequired":true,"valueName":"search_term_string"}}],"inLanguage":"en-GB"},{"@type":"Organization","@id":"https:\/\/www.bitsoftware.eu\/test.bitsoftware.eu\/#organization","name":"BITSoftware","url":"https:\/\/www.bitsoftware.eu\/test.bitsoftware.eu\/","logo":{"@type":"ImageObject","inLanguage":"en-GB","@id":"https:\/\/www.bitsoftware.eu\/test.bitsoftware.eu\/#\/schema\/logo\/image\/","url":"https:\/\/www.bitsoftware.eu\/test.bitsoftware.eu\/wp-content\/uploads\/Logo-BITSoftware-e1495106087891.png","contentUrl":"https:\/\/www.bitsoftware.eu\/test.bitsoftware.eu\/wp-content\/uploads\/Logo-BITSoftware-e1495106087891.png","width":90,"height":63,"caption":"BITSoftware"},"image":{"@id":"https:\/\/www.bitsoftware.eu\/test.bitsoftware.eu\/#\/schema\/logo\/image\/"},"sameAs":["https:\/\/www.facebook.com\/bitsoftware\/","https:\/\/x.com\/BITSoftware","https:\/\/www.linkedin.com\/company-beta\/98784\/","https:\/\/ro.pinterest.com\/BITSoftware\/","https:\/\/www.youtube.com\/user\/BitSoftware","https:\/\/ro.wikipedia.org\/wiki\/BITSoftware"]}]}},"_links":{"self":[{"href":"https:\/\/www.bitsoftware.eu\/test.bitsoftware.eu\/wp-json\/wp\/v2\/pages\/10821","targetHints":{"allow":["GET"]}}],"collection":[{"href":"https:\/\/www.bitsoftware.eu\/test.bitsoftware.eu\/wp-json\/wp\/v2\/pages"}],"about":[{"href":"https:\/\/www.bitsoftware.eu\/test.bitsoftware.eu\/wp-json\/wp\/v2\/types\/page"}],"author":[{"embeddable":true,"href":"https:\/\/www.bitsoftware.eu\/test.bitsoftware.eu\/wp-json\/wp\/v2\/users\/1"}],"replies":[{"embeddable":true,"href":"https:\/\/www.bitsoftware.eu\/test.bitsoftware.eu\/wp-json\/wp\/v2\/comments?post=10821"}],"version-history":[{"count":0,"href":"https:\/\/www.bitsoftware.eu\/test.bitsoftware.eu\/wp-json\/wp\/v2\/pages\/10821\/revisions"}],"wp:attachment":[{"href":"https:\/\/www.bitsoftware.eu\/test.bitsoftware.eu\/wp-json\/wp\/v2\/media?parent=10821"}],"curies":[{"name":"wp","href":"https:\/\/api.w.org\/{rel}","templated":true}]}}