{"id":23659,"date":"2023-06-27T17:13:16","date_gmt":"2023-06-27T14:13:16","guid":{"rendered":"https:\/\/www.bitsoftware.eu\/test.bitsoftware.eu\/?page_id=23659"},"modified":"2023-06-28T10:20:47","modified_gmt":"2023-06-28T07:20:47","slug":"solutii-software-wms","status":"publish","type":"page","link":"https:\/\/www.bitsoftware.eu\/test.bitsoftware.eu\/solutii-software-wms\/","title":{"rendered":"Solu\u021bii software WMS"},"content":{"rendered":"<div id=\"pl-23659\"  class=\"panel-layout\" ><div id=\"pg-23659-0\"  class=\"panel-grid panel-has-style\" ><div class=\"siteorigin-panels-stretch panel-row-style panel-row-style-for-23659-0\" data-stretch-type=\"full-stretched\" ><div id=\"pgc-23659-0-0\"  class=\"panel-grid-cell\" ><div id=\"panel-23659-0-0-0\" class=\"so-panel widget widget_sow-hero panel-first-child panel-last-child\" data-index=\"0\" ><div class=\"wow fadeIn panel-widget-style panel-widget-style-for-23659-0-0-0\" data-wow-offset=\"10\" data-wow-iteration=\"1\" ><div\n\t\t\t\n\t\t\tclass=\"so-widget-sow-hero so-widget-sow-hero-default-e01071567346-23659 so-widget-fittext-wrapper\"\n\t\t\t\n\t\t>\t\t\t\t<div class=\"sow-slider-base\" style=\"display: none\" tabindex=\"0\">\n\t\t\t\t\t<ul\n\t\t\t\t\tclass=\"sow-slider-images\"\n\t\t\t\t\tdata-settings=\"{&quot;pagination&quot;:true,&quot;speed&quot;:900,&quot;timeout&quot;:7000,&quot;paused&quot;:false,&quot;pause_on_hover&quot;:false,&quot;swipe&quot;:true,&quot;nav_always_show_desktop&quot;:&quot;&quot;,&quot;nav_always_show_mobile&quot;:&quot;&quot;,&quot;breakpoint&quot;:&quot;780px&quot;,&quot;unmute&quot;:false,&quot;anchor&quot;:null}\"\n\t\t\t\t\t\t\t\t\t\tdata-anchor-id=\"\"\n\t\t\t\t>\t\t<li class=\"sow-slider-image\" style=\"visibility: visible;;background-color: #2f3f4d;cursor: pointer;\" data-url=\"{&quot;url&quot;:&quot;#&quot;,&quot;new_window&quot;:false}\" >\n\t\t\t\t\t<div class=\"sow-slider-image-container\">\n\t\t\t<div class=\"sow-slider-image-wrapper\">\n\t\t\t\t<h1 style=\"text-align: center\"><strong>Solu\u021bii software WMS<\/strong><\/h1>\n<h4 style=\"text-align: center\"><\/h4>\n<h4 style=\"text-align: center\">Optimiza\u021bi gestionarea fluxului de lucru \u0219i eficien\u021ba opera\u021biunilor din depozit<\/h4>\n\t\t\t<\/div>\n\t\t<\/div>\n\t\t\t\t<\/li>\n\t\t<\/ul>\t\t\t\t<ol class=\"sow-slider-pagination\">\n\t\t\t\t\t\t\t\t\t\t\t<li><a href=\"#\" data-goto=\"0\" aria-label=\"Display slide 1\"><\/a><\/li>\n\t\t\t\t\t\t\t\t\t<\/ol>\n\n\t\t\t\t<div class=\"sow-slide-nav sow-slide-nav-next\">\n\t\t\t\t\t<a href=\"#\" data-goto=\"next\" aria-label=\"Next slide\" data-action=\"next\">\n\t\t\t\t\t\t<em class=\"sow-sld-icon-ultra-thin-right\"><\/em>\n\t\t\t\t\t<\/a>\n\t\t\t\t<\/div>\n\n\t\t\t\t<div class=\"sow-slide-nav sow-slide-nav-prev\">\n\t\t\t\t\t<a href=\"#\" data-goto=\"previous\" aria-label=\"Previous slide\" data-action=\"prev\">\n\t\t\t\t\t\t<em class=\"sow-sld-icon-ultra-thin-left\"><\/em>\n\t\t\t\t\t<\/a>\n\t\t\t\t<\/div>\n\t\t\t\t<\/div><\/div><\/div><\/div><\/div><\/div><\/div><div id=\"pg-23659-1\"  class=\"panel-grid panel-has-style\" ><div class=\"panel-row-style panel-row-style-for-23659-1\" ><div id=\"pgc-23659-1-0\"  class=\"panel-grid-cell\" ><div id=\"panel-23659-1-0-0\" class=\"so-panel widget widget_sow-layout-slider panel-first-child panel-last-child\" data-index=\"1\" ><div class=\"wow fadeInDown panel-widget-style panel-widget-style-for-23659-1-0-0\" data-wow-offset=\"10\" data-wow-iteration=\"1\" ><div\n\t\t\t\n\t\t\tclass=\"so-widget-sow-layout-slider so-widget-sow-layout-slider-default-384c225c9790-23659\"\n\t\t\t\n\t\t>\t\t\t\t<div class=\"sow-slider-base\" style=\"display: none\" tabindex=\"0\">\n\t\t\t\t\t<ul\n\t\t\t\t\tclass=\"sow-slider-images\"\n\t\t\t\t\tdata-settings=\"{&quot;pagination&quot;:true,&quot;speed&quot;:800,&quot;timeout&quot;:8000,&quot;paused&quot;:false,&quot;pause_on_hover&quot;:false,&quot;swipe&quot;:true,&quot;nav_always_show_desktop&quot;:&quot;&quot;,&quot;nav_always_show_mobile&quot;:&quot;&quot;,&quot;breakpoint&quot;:&quot;780px&quot;,&quot;unmute&quot;:false,&quot;anchor&quot;:null}\"\n\t\t\t\t\t\t\t\t\t\tdata-anchor-id=\"\"\n\t\t\t\t>\t\t<li class=\"sow-slider-image\" style=\"visibility: visible;\" >\n\t\t\t\t\t<div class=\"sow-slider-image-container\">\n\t\t\t<div class=\"sow-slider-image-wrapper\">\n\t\t\t\t<div id=\"pl-we9e363bd\"  class=\"panel-layout\" ><div id=\"pg-we9e363bd-0\"  class=\"panel-grid panel-no-style\" ><div id=\"pgc-we9e363bd-0-0\"  class=\"panel-grid-cell\" ><div id=\"panel-we9e363bd-0-0-0\" class=\"so-panel widget widget_sow-editor panel-first-child panel-last-child\" data-index=\"0\" ><div\n\t\t\t\n\t\t\tclass=\"so-widget-sow-editor so-widget-sow-editor-base\"\n\t\t\t\n\t\t>\n<div class=\"siteorigin-widget-tinymce textwidget\">\n\t<h4 style=\"text-align: center;\">Solu\u021bii software pentru gestionarea \u0219i automatizarea opera\u021biunilor din depozit<\/h4>\n<\/div>\n<\/div><\/div><\/div><\/div><\/div>\t\t\t<\/div>\n\t\t<\/div>\n\t\t\t\t<\/li>\n\t\t<\/ul>\t\t\t\t<ol class=\"sow-slider-pagination\">\n\t\t\t\t\t\t\t\t\t\t\t<li><a href=\"#\" data-goto=\"0\" aria-label=\"Display slide 1\"><\/a><\/li>\n\t\t\t\t\t\t\t\t\t<\/ol>\n\n\t\t\t\t<div class=\"sow-slide-nav sow-slide-nav-next\">\n\t\t\t\t\t<a href=\"#\" data-goto=\"next\" aria-label=\"Next slide\" data-action=\"next\">\n\t\t\t\t\t\t<em class=\"sow-sld-icon-thin-right\"><\/em>\n\t\t\t\t\t<\/a>\n\t\t\t\t<\/div>\n\n\t\t\t\t<div class=\"sow-slide-nav sow-slide-nav-prev\">\n\t\t\t\t\t<a href=\"#\" data-goto=\"previous\" aria-label=\"Previous slide\" data-action=\"prev\">\n\t\t\t\t\t\t<em class=\"sow-sld-icon-thin-left\"><\/em>\n\t\t\t\t\t<\/a>\n\t\t\t\t<\/div>\n\t\t\t\t<\/div><\/div><\/div><\/div><\/div><\/div><\/div><div id=\"pg-23659-2\"  class=\"panel-grid panel-has-style\" ><div class=\"panel-row-style panel-row-style-for-23659-2\" ><div id=\"pgc-23659-2-0\"  class=\"panel-grid-cell panel-grid-cell-empty\" ><div class=\"panel-cell-style panel-cell-style-for-23659-2-0\" ><\/div><\/div><div id=\"pgc-23659-2-1\"  class=\"panel-grid-cell\" ><div class=\"panel-cell-style panel-cell-style-for-23659-2-1\" ><div id=\"panel-23659-2-1-0\" class=\"so-panel widget widget_sow-layout-slider panel-first-child panel-last-child\" data-index=\"2\" ><div class=\"hover-big panel-widget-style panel-widget-style-for-23659-2-1-0\" ><div\n\t\t\t\n\t\t\tclass=\"so-widget-sow-layout-slider so-widget-sow-layout-slider-default-0721d074330d-23659\"\n\t\t\t\n\t\t>\t\t\t\t<div class=\"sow-slider-base\" style=\"display: none\" tabindex=\"0\">\n\t\t\t\t\t<ul\n\t\t\t\t\tclass=\"sow-slider-images\"\n\t\t\t\t\tdata-settings=\"{&quot;pagination&quot;:true,&quot;speed&quot;:800,&quot;timeout&quot;:8000,&quot;paused&quot;:false,&quot;pause_on_hover&quot;:false,&quot;swipe&quot;:true,&quot;nav_always_show_desktop&quot;:&quot;&quot;,&quot;nav_always_show_mobile&quot;:&quot;&quot;,&quot;breakpoint&quot;:&quot;780px&quot;,&quot;unmute&quot;:false,&quot;anchor&quot;:null}\"\n\t\t\t\t\t\t\t\t\t\tdata-anchor-id=\"\"\n\t\t\t\t>\t\t<li class=\"sow-slider-image\" style=\"visibility: visible;;cursor: pointer;\" data-url=\"{&quot;url&quot;:&quot;https:\\\/\\\/www.bitsoftware.eu\\\/test.bitsoftware.eu\\\/entersoft-wms-planificati-si-monitorizati-operatiunile-din-lantul-de-aprovizionare-cu-wms-entersoft\\\/&quot;,&quot;new_window&quot;:false}\" >\n\t\t\t\t\t<div class=\"sow-slider-image-container\">\n\t\t\t<div class=\"sow-slider-image-wrapper\">\n\t\t\t\t<div id=\"pl-wdb759c8f\"  class=\"panel-layout\" ><div id=\"pg-wdb759c8f-0\"  class=\"panel-grid panel-no-style\" ><div id=\"pgc-wdb759c8f-0-0\"  class=\"panel-grid-cell\" ><div id=\"panel-wdb759c8f-0-0-0\" class=\"so-panel widget widget_sow-image panel-first-child\" data-index=\"0\" ><div class=\"wow fadeInDown panel-widget-style panel-widget-style-for-wdb759c8f-0-0-0\" data-wow-offset=\"10\" data-wow-iteration=\"1\" ><div\n\t\t\t\n\t\t\tclass=\"so-widget-sow-image so-widget-sow-image-default-8b5b6f678277\"\n\t\t\t\n\t\t>\n<div class=\"sow-image-container\">\n\t\t<img loading=\"lazy\" decoding=\"async\" src=\"https:\/\/www.bitsoftware.eu\/test.bitsoftware.eu\/wp-content\/uploads\/aberon-WMS.jpg\" width=\"600\" height=\"350\" srcset=\"https:\/\/www.bitsoftware.eu\/test.bitsoftware.eu\/wp-content\/uploads\/aberon-WMS.jpg 600w, https:\/\/www.bitsoftware.eu\/test.bitsoftware.eu\/wp-content\/uploads\/aberon-WMS-300x175.jpg 300w\" sizes=\"auto, (max-width: 600px) 100vw, 600px\" title=\"aberon WMS Romania\" alt=\"\" \t\tclass=\"so-widget-image\"\/>\n\t<\/div>\n\n<\/div><\/div><\/div><div id=\"panel-wdb759c8f-0-0-1\" class=\"so-panel widget widget_sow-editor panel-last-child\" data-index=\"1\" ><div class=\"wow fadeInDown panel-widget-style panel-widget-style-for-wdb759c8f-0-0-1\" data-wow-offset=\"10\" data-wow-iteration=\"1\" ><div\n\t\t\t\n\t\t\tclass=\"so-widget-sow-editor so-widget-sow-editor-base\"\n\t\t\t\n\t\t><h3 class=\"widget-title\">Entersoft WMS<\/h3>\n<div class=\"siteorigin-widget-tinymce textwidget\">\n\t<p>Planifica\u021bi \u0219i monitoriza\u021bi opera\u021biunile din lan\u021bul de aprovizionare<\/p>\n<\/div>\n<\/div><\/div><\/div><\/div><\/div><\/div>\t\t\t<\/div>\n\t\t<\/div>\n\t\t\t\t<\/li>\n\t\t<\/ul>\t\t\t\t<ol class=\"sow-slider-pagination\">\n\t\t\t\t\t\t\t\t\t\t\t<li><a href=\"#\" data-goto=\"0\" aria-label=\"Display slide 1\"><\/a><\/li>\n\t\t\t\t\t\t\t\t\t<\/ol>\n\n\t\t\t\t<div class=\"sow-slide-nav sow-slide-nav-next\">\n\t\t\t\t\t<a href=\"#\" data-goto=\"next\" aria-label=\"Next slide\" data-action=\"next\">\n\t\t\t\t\t\t<em class=\"sow-sld-icon-thin-right\"><\/em>\n\t\t\t\t\t<\/a>\n\t\t\t\t<\/div>\n\n\t\t\t\t<div class=\"sow-slide-nav sow-slide-nav-prev\">\n\t\t\t\t\t<a href=\"#\" data-goto=\"previous\" aria-label=\"Previous slide\" data-action=\"prev\">\n\t\t\t\t\t\t<em class=\"sow-sld-icon-thin-left\"><\/em>\n\t\t\t\t\t<\/a>\n\t\t\t\t<\/div>\n\t\t\t\t<\/div><\/div><\/div><\/div><\/div><\/div><div id=\"pgc-23659-2-2\"  class=\"panel-grid-cell panel-grid-cell-mobile-last\" ><div id=\"panel-23659-2-2-0\" class=\"so-panel widget widget_sow-layout-slider panel-first-child panel-last-child\" data-index=\"3\" ><div class=\"hover-big panel-widget-style panel-widget-style-for-23659-2-2-0\" ><div\n\t\t\t\n\t\t\tclass=\"so-widget-sow-layout-slider so-widget-sow-layout-slider-default-0721d074330d-23659\"\n\t\t\t\n\t\t>\t\t\t\t<div class=\"sow-slider-base\" style=\"display: none\" tabindex=\"0\">\n\t\t\t\t\t<ul\n\t\t\t\t\tclass=\"sow-slider-images\"\n\t\t\t\t\tdata-settings=\"{&quot;pagination&quot;:true,&quot;speed&quot;:800,&quot;timeout&quot;:8000,&quot;paused&quot;:false,&quot;pause_on_hover&quot;:false,&quot;swipe&quot;:true,&quot;nav_always_show_desktop&quot;:&quot;&quot;,&quot;nav_always_show_mobile&quot;:&quot;&quot;,&quot;breakpoint&quot;:&quot;780px&quot;,&quot;unmute&quot;:false,&quot;anchor&quot;:null}\"\n\t\t\t\t\t\t\t\t\t\tdata-anchor-id=\"\"\n\t\t\t\t>\t\t<li class=\"sow-slider-image\" style=\"visibility: visible;;cursor: pointer;\" data-url=\"{&quot;url&quot;:&quot;https:\\\/\\\/www.bitsoftware.eu\\\/test.bitsoftware.eu\\\/fluxvision-wms-solutie-software-warehouse-management-system\\\/&quot;,&quot;new_window&quot;:false}\" >\n\t\t\t\t\t<div class=\"sow-slider-image-container\">\n\t\t\t<div class=\"sow-slider-image-wrapper\">\n\t\t\t\t<div id=\"pl-waacb4a5e\"  class=\"panel-layout\" ><div id=\"pg-waacb4a5e-0\"  class=\"panel-grid panel-no-style\" ><div id=\"pgc-waacb4a5e-0-0\"  class=\"panel-grid-cell\" ><div id=\"panel-waacb4a5e-0-0-0\" class=\"so-panel widget widget_sow-image panel-first-child\" data-index=\"0\" ><div class=\"wow fadeInDown panel-widget-style panel-widget-style-for-waacb4a5e-0-0-0\" data-wow-offset=\"10\" data-wow-iteration=\"1\" ><div\n\t\t\t\n\t\t\tclass=\"so-widget-sow-image so-widget-sow-image-default-8b5b6f678277\"\n\t\t\t\n\t\t>\n<div class=\"sow-image-container\">\n\t\t<img loading=\"lazy\" decoding=\"async\" src=\"https:\/\/www.bitsoftware.eu\/test.bitsoftware.eu\/wp-content\/uploads\/Entersoft-WMS-1.jpg\" width=\"1440\" height=\"890\" srcset=\"https:\/\/www.bitsoftware.eu\/test.bitsoftware.eu\/wp-content\/uploads\/Entersoft-WMS-1.jpg 1440w, https:\/\/www.bitsoftware.eu\/test.bitsoftware.eu\/wp-content\/uploads\/Entersoft-WMS-1-300x185.jpg 300w, https:\/\/www.bitsoftware.eu\/test.bitsoftware.eu\/wp-content\/uploads\/Entersoft-WMS-1-1024x633.jpg 1024w, https:\/\/www.bitsoftware.eu\/test.bitsoftware.eu\/wp-content\/uploads\/Entersoft-WMS-1-768x475.jpg 768w, https:\/\/www.bitsoftware.eu\/test.bitsoftware.eu\/wp-content\/uploads\/Entersoft-WMS-1-650x402.jpg 650w\" sizes=\"auto, (max-width: 1440px) 100vw, 1440px\" title=\"Entersoft-WMS\" alt=\"\" \t\tclass=\"so-widget-image\"\/>\n\t<\/div>\n\n<\/div><\/div><\/div><div id=\"panel-waacb4a5e-0-0-1\" class=\"so-panel widget widget_sow-editor panel-last-child\" data-index=\"1\" ><div class=\"wow fadeInDown panel-widget-style panel-widget-style-for-waacb4a5e-0-0-1\" data-wow-offset=\"10\" data-wow-iteration=\"1\" ><div\n\t\t\t\n\t\t\tclass=\"so-widget-sow-editor so-widget-sow-editor-base\"\n\t\t\t\n\t\t><h3 class=\"widget-title\">FluxVision WMS<\/h3>\n<div class=\"siteorigin-widget-tinymce textwidget\">\n\t<p>Flexibilitate, vitez\u0103 \u0219i precizie \u00een depozit<\/p>\n<\/div>\n<\/div><\/div><\/div><\/div><\/div><\/div>\t\t\t<\/div>\n\t\t<\/div>\n\t\t\t\t<\/li>\n\t\t<\/ul>\t\t\t\t<ol class=\"sow-slider-pagination\">\n\t\t\t\t\t\t\t\t\t\t\t<li><a href=\"#\" data-goto=\"0\" aria-label=\"Display slide 1\"><\/a><\/li>\n\t\t\t\t\t\t\t\t\t<\/ol>\n\n\t\t\t\t<div class=\"sow-slide-nav sow-slide-nav-next\">\n\t\t\t\t\t<a href=\"#\" data-goto=\"next\" aria-label=\"Next slide\" data-action=\"next\">\n\t\t\t\t\t\t<em class=\"sow-sld-icon-thin-right\"><\/em>\n\t\t\t\t\t<\/a>\n\t\t\t\t<\/div>\n\n\t\t\t\t<div class=\"sow-slide-nav sow-slide-nav-prev\">\n\t\t\t\t\t<a href=\"#\" data-goto=\"previous\" aria-label=\"Previous slide\" data-action=\"prev\">\n\t\t\t\t\t\t<em class=\"sow-sld-icon-thin-left\"><\/em>\n\t\t\t\t\t<\/a>\n\t\t\t\t<\/div>\n\t\t\t\t<\/div><\/div><\/div><\/div><\/div><div id=\"pgc-23659-2-3\"  class=\"panel-grid-cell panel-grid-cell-empty\" ><\/div><\/div><\/div><div id=\"pg-23659-3\"  class=\"panel-grid panel-has-style\" ><div class=\"siteorigin-panels-stretch panel-row-style panel-row-style-for-23659-3\" data-stretch-type=\"full\" ><div id=\"pgc-23659-3-0\"  class=\"panel-grid-cell\" ><div id=\"panel-23659-3-0-0\" class=\"so-panel widget widget_sow-layout-slider panel-first-child panel-last-child\" data-index=\"4\" ><div class=\"wow fadeInDown panel-widget-style panel-widget-style-for-23659-3-0-0\" data-wow-offset=\"10\" data-wow-iteration=\"1\" ><div\n\t\t\t\n\t\t\tclass=\"so-widget-sow-layout-slider so-widget-sow-layout-slider-default-ba0e05d13670-23659\"\n\t\t\t\n\t\t>\t\t\t\t<div class=\"sow-slider-base\" style=\"display: none\" tabindex=\"0\">\n\t\t\t\t\t<ul\n\t\t\t\t\tclass=\"sow-slider-images\"\n\t\t\t\t\tdata-settings=\"{&quot;pagination&quot;:true,&quot;speed&quot;:800,&quot;timeout&quot;:8000,&quot;paused&quot;:false,&quot;pause_on_hover&quot;:false,&quot;swipe&quot;:true,&quot;nav_always_show_desktop&quot;:&quot;&quot;,&quot;nav_always_show_mobile&quot;:&quot;&quot;,&quot;breakpoint&quot;:&quot;780px&quot;,&quot;unmute&quot;:false,&quot;anchor&quot;:null}\"\n\t\t\t\t\t\t\t\t\t\tdata-anchor-id=\"\"\n\t\t\t\t>\t\t<li class=\"sow-slider-image\" style=\"visibility: visible;\" >\n\t\t\t\t\t<div class=\"sow-slider-image-container\">\n\t\t\t<div class=\"sow-slider-image-wrapper\">\n\t\t\t\t<div id=\"pl-w2b81601c\"  class=\"panel-layout\" ><div id=\"pg-w2b81601c-0\"  class=\"panel-grid panel-no-style\" ><div id=\"pgc-w2b81601c-0-0\"  class=\"panel-grid-cell\" ><div id=\"panel-w2b81601c-0-0-0\" class=\"so-panel widget widget_sow-editor panel-first-child panel-last-child\" data-index=\"0\" ><div\n\t\t\t\n\t\t\tclass=\"so-widget-sow-editor so-widget-sow-editor-base\"\n\t\t\t\n\t\t>\n<div class=\"siteorigin-widget-tinymce textwidget\">\n\t<h2 style=\"text-align: left;\"><strong>\u00centreb\u0103ri?<\/strong><\/h2>\n<h4 style=\"text-align: left;\">Contacta\u021bi-ne \u0219i sta\u021bi de vorb\u0103 cu unul dintre speciali\u0219tii no\u0219tri<\/h4>\n<p style=\"text-align: left;\">\u00a0<\/p>\n<\/div>\n<\/div><\/div><\/div><div id=\"pgc-w2b81601c-0-1\"  class=\"panel-grid-cell\" ><div id=\"panel-w2b81601c-0-1-0\" class=\"so-panel widget widget_sow-button panel-first-child panel-last-child\" data-index=\"1\" ><div\n\t\t\t\n\t\t\tclass=\"so-widget-sow-button so-widget-sow-button-flat-e8d4b20f23e2-23659\"\n\t\t\t\n\t\t><div class=\"ow-button-base ow-button-align-left\">\n\t\t\t<a\n\t\t\t\t\thref=\"https:\/\/www.bitsoftware.eu\/test.bitsoftware.eu\/programati-o-intalnire-cu-un-specialist-erp-crm-wms-bi\/\"\n\t\t\t\t\tclass=\"sowb-button ow-icon-placement-left ow-button-hover\" \t>\n\t\t<span>\n\t\t\t\n\t\t\tPrograma\u021bi o \u00eent\u00e2lnire\t\t<\/span>\n\t\t\t<\/a>\n\t<\/div>\n<\/div><\/div><\/div><\/div><\/div>\t\t\t<\/div>\n\t\t<\/div>\n\t\t\t\t<\/li>\n\t\t<\/ul>\t\t\t\t<ol class=\"sow-slider-pagination\">\n\t\t\t\t\t\t\t\t\t\t\t<li><a href=\"#\" data-goto=\"0\" aria-label=\"Display slide 1\"><\/a><\/li>\n\t\t\t\t\t\t\t\t\t<\/ol>\n\n\t\t\t\t<div class=\"sow-slide-nav sow-slide-nav-next\">\n\t\t\t\t\t<a href=\"#\" data-goto=\"next\" aria-label=\"Next slide\" data-action=\"next\">\n\t\t\t\t\t\t<em class=\"sow-sld-icon-ultra-thin-rounded-right\"><\/em>\n\t\t\t\t\t<\/a>\n\t\t\t\t<\/div>\n\n\t\t\t\t<div class=\"sow-slide-nav sow-slide-nav-prev\">\n\t\t\t\t\t<a href=\"#\" data-goto=\"previous\" aria-label=\"Previous slide\" data-action=\"prev\">\n\t\t\t\t\t\t<em class=\"sow-sld-icon-ultra-thin-rounded-left\"><\/em>\n\t\t\t\t\t<\/a>\n\t\t\t\t<\/div>\n\t\t\t\t<\/div><\/div><\/div><\/div><\/div><\/div><\/div><\/div>","protected":false},"excerpt":{"rendered":"<p>Solu\u021bii software WMS Optimiza\u021bi gestionarea fluxului de lucru \u0219i eficien\u021ba opera\u021biunilor din depozit Solu\u021bii software pentru gestionarea \u0219i automatizarea opera\u021biunilor din depozit Entersoft WMS Planifica\u021bi \u0219i monitoriza\u021bi opera\u021biunile din lan\u021bul de aprovizionare FluxVision WMS Flexibilitate, vitez\u0103 \u0219i precizie \u00een depozit \u00centreb\u0103ri? Contacta\u021bi-ne \u0219i sta\u021bi de vorb\u0103 cu unul dintre speciali\u0219tii no\u0219tri \u00a0 Programa\u021bi o \u00eent\u00e2lnire<\/p>\n","protected":false},"author":1,"featured_media":0,"parent":0,"menu_order":0,"comment_status":"closed","ping_status":"open","template":"","meta":{"footnotes":""},"class_list":["post-23659","page","type-page","status-publish","hentry","post"],"yoast_head":"<!-- This site is optimized with the Yoast SEO plugin v24.4 - https:\/\/yoast.com\/wordpress\/plugins\/seo\/ -->\n<title>Solu\u021bii software WMS - BITSoftware<\/title>\n<meta name=\"description\" content=\"Solu\u021bii software ERP pentru gestionarea integrat\u0103 a proceselor \u0219i aplica\u021biilor de business, dezvoltate pentru orice industrie.\" \/>\n<meta name=\"robots\" content=\"noindex, follow, max-snippet:-1, max-image-preview:large, max-video-preview:-1\" \/>\n<meta property=\"og:locale\" content=\"en_GB\" \/>\n<meta property=\"og:type\" content=\"article\" \/>\n<meta property=\"og:title\" content=\"Solu\u021bii software WMS - BITSoftware\" \/>\n<meta property=\"og:description\" content=\"Solu\u021bii software ERP pentru gestionarea integrat\u0103 a proceselor \u0219i aplica\u021biilor de business, dezvoltate pentru orice industrie.\" \/>\n<meta property=\"og:url\" content=\"https:\/\/www.bitsoftware.eu\/test.bitsoftware.eu\/solutii-software-wms\/\" \/>\n<meta property=\"og:site_name\" content=\"BITSoftware\" \/>\n<meta property=\"article:publisher\" content=\"https:\/\/www.facebook.com\/bitsoftware\/\" \/>\n<meta property=\"article:modified_time\" content=\"2023-06-28T07:20:47+00:00\" \/>\n<meta name=\"twitter:card\" content=\"summary_large_image\" \/>\n<meta name=\"twitter:site\" content=\"@BITSoftware\" \/>\n<meta name=\"twitter:label1\" content=\"Estimated reading time\" \/>\n\t<meta name=\"twitter:data1\" content=\"1 minute\" \/>\n<script type=\"application\/ld+json\" class=\"yoast-schema-graph\">{\"@context\":\"https:\/\/schema.org\",\"@graph\":[{\"@type\":\"WebPage\",\"@id\":\"https:\/\/www.bitsoftware.eu\/test.bitsoftware.eu\/solutii-software-wms\/\",\"url\":\"https:\/\/www.bitsoftware.eu\/test.bitsoftware.eu\/solutii-software-wms\/\",\"name\":\"Solu\u021bii software WMS - BITSoftware\",\"isPartOf\":{\"@id\":\"https:\/\/www.bitsoftware.eu\/test.bitsoftware.eu\/#website\"},\"datePublished\":\"2023-06-27T14:13:16+00:00\",\"dateModified\":\"2023-06-28T07:20:47+00:00\",\"description\":\"Solu\u021bii software ERP pentru gestionarea integrat\u0103 a proceselor \u0219i aplica\u021biilor de business, dezvoltate pentru orice industrie.\",\"breadcrumb\":{\"@id\":\"https:\/\/www.bitsoftware.eu\/test.bitsoftware.eu\/solutii-software-wms\/#breadcrumb\"},\"inLanguage\":\"en-GB\",\"potentialAction\":[{\"@type\":\"ReadAction\",\"target\":[\"https:\/\/www.bitsoftware.eu\/test.bitsoftware.eu\/solutii-software-wms\/\"]}]},{\"@type\":\"BreadcrumbList\",\"@id\":\"https:\/\/www.bitsoftware.eu\/test.bitsoftware.eu\/solutii-software-wms\/#breadcrumb\",\"itemListElement\":[{\"@type\":\"ListItem\",\"position\":1,\"name\":\"Home\",\"item\":\"https:\/\/www.bitsoftware.eu\/test.bitsoftware.eu\/\"},{\"@type\":\"ListItem\",\"position\":2,\"name\":\"Solu\u021bii software WMS\"}]},{\"@type\":\"WebSite\",\"@id\":\"https:\/\/www.bitsoftware.eu\/test.bitsoftware.eu\/#website\",\"url\":\"https:\/\/www.bitsoftware.eu\/test.bitsoftware.eu\/\",\"name\":\"BITSoftware\",\"description\":\"ERP &amp; CRM &amp; BI &amp; WMS Software Solutions\",\"publisher\":{\"@id\":\"https:\/\/www.bitsoftware.eu\/test.bitsoftware.eu\/#organization\"},\"potentialAction\":[{\"@type\":\"SearchAction\",\"target\":{\"@type\":\"EntryPoint\",\"urlTemplate\":\"https:\/\/www.bitsoftware.eu\/test.bitsoftware.eu\/?s={search_term_string}\"},\"query-input\":{\"@type\":\"PropertyValueSpecification\",\"valueRequired\":true,\"valueName\":\"search_term_string\"}}],\"inLanguage\":\"en-GB\"},{\"@type\":\"Organization\",\"@id\":\"https:\/\/www.bitsoftware.eu\/test.bitsoftware.eu\/#organization\",\"name\":\"BITSoftware\",\"url\":\"https:\/\/www.bitsoftware.eu\/test.bitsoftware.eu\/\",\"logo\":{\"@type\":\"ImageObject\",\"inLanguage\":\"en-GB\",\"@id\":\"https:\/\/www.bitsoftware.eu\/test.bitsoftware.eu\/#\/schema\/logo\/image\/\",\"url\":\"https:\/\/www.bitsoftware.eu\/test.bitsoftware.eu\/wp-content\/uploads\/Logo-BITSoftware-e1495106087891.png\",\"contentUrl\":\"https:\/\/www.bitsoftware.eu\/test.bitsoftware.eu\/wp-content\/uploads\/Logo-BITSoftware-e1495106087891.png\",\"width\":90,\"height\":63,\"caption\":\"BITSoftware\"},\"image\":{\"@id\":\"https:\/\/www.bitsoftware.eu\/test.bitsoftware.eu\/#\/schema\/logo\/image\/\"},\"sameAs\":[\"https:\/\/www.facebook.com\/bitsoftware\/\",\"https:\/\/x.com\/BITSoftware\",\"https:\/\/www.linkedin.com\/company-beta\/98784\/\",\"https:\/\/ro.pinterest.com\/BITSoftware\/\",\"https:\/\/www.youtube.com\/user\/BitSoftware\",\"https:\/\/ro.wikipedia.org\/wiki\/BITSoftware\"]}]}<\/script>\n<!-- \/ Yoast SEO plugin. -->","yoast_head_json":{"title":"Solu\u021bii software WMS - BITSoftware","description":"Solu\u021bii software ERP pentru gestionarea integrat\u0103 a proceselor \u0219i aplica\u021biilor de business, dezvoltate pentru orice industrie.","robots":{"index":"noindex","follow":"follow","max-snippet":"max-snippet:-1","max-image-preview":"max-image-preview:large","max-video-preview":"max-video-preview:-1"},"og_locale":"en_GB","og_type":"article","og_title":"Solu\u021bii software WMS - BITSoftware","og_description":"Solu\u021bii software ERP pentru gestionarea integrat\u0103 a proceselor \u0219i aplica\u021biilor de business, dezvoltate pentru orice industrie.","og_url":"https:\/\/www.bitsoftware.eu\/test.bitsoftware.eu\/solutii-software-wms\/","og_site_name":"BITSoftware","article_publisher":"https:\/\/www.facebook.com\/bitsoftware\/","article_modified_time":"2023-06-28T07:20:47+00:00","twitter_card":"summary_large_image","twitter_site":"@BITSoftware","twitter_misc":{"Estimated reading time":"1 minute"},"schema":{"@context":"https:\/\/schema.org","@graph":[{"@type":"WebPage","@id":"https:\/\/www.bitsoftware.eu\/test.bitsoftware.eu\/solutii-software-wms\/","url":"https:\/\/www.bitsoftware.eu\/test.bitsoftware.eu\/solutii-software-wms\/","name":"Solu\u021bii software WMS - BITSoftware","isPartOf":{"@id":"https:\/\/www.bitsoftware.eu\/test.bitsoftware.eu\/#website"},"datePublished":"2023-06-27T14:13:16+00:00","dateModified":"2023-06-28T07:20:47+00:00","description":"Solu\u021bii software ERP pentru gestionarea integrat\u0103 a proceselor \u0219i aplica\u021biilor de business, dezvoltate pentru orice industrie.","breadcrumb":{"@id":"https:\/\/www.bitsoftware.eu\/test.bitsoftware.eu\/solutii-software-wms\/#breadcrumb"},"inLanguage":"en-GB","potentialAction":[{"@type":"ReadAction","target":["https:\/\/www.bitsoftware.eu\/test.bitsoftware.eu\/solutii-software-wms\/"]}]},{"@type":"BreadcrumbList","@id":"https:\/\/www.bitsoftware.eu\/test.bitsoftware.eu\/solutii-software-wms\/#breadcrumb","itemListElement":[{"@type":"ListItem","position":1,"name":"Home","item":"https:\/\/www.bitsoftware.eu\/test.bitsoftware.eu\/"},{"@type":"ListItem","position":2,"name":"Solu\u021bii software WMS"}]},{"@type":"WebSite","@id":"https:\/\/www.bitsoftware.eu\/test.bitsoftware.eu\/#website","url":"https:\/\/www.bitsoftware.eu\/test.bitsoftware.eu\/","name":"BITSoftware","description":"ERP &amp; CRM &amp; BI &amp; WMS Software Solutions","publisher":{"@id":"https:\/\/www.bitsoftware.eu\/test.bitsoftware.eu\/#organization"},"potentialAction":[{"@type":"SearchAction","target":{"@type":"EntryPoint","urlTemplate":"https:\/\/www.bitsoftware.eu\/test.bitsoftware.eu\/?s={search_term_string}"},"query-input":{"@type":"PropertyValueSpecification","valueRequired":true,"valueName":"search_term_string"}}],"inLanguage":"en-GB"},{"@type":"Organization","@id":"https:\/\/www.bitsoftware.eu\/test.bitsoftware.eu\/#organization","name":"BITSoftware","url":"https:\/\/www.bitsoftware.eu\/test.bitsoftware.eu\/","logo":{"@type":"ImageObject","inLanguage":"en-GB","@id":"https:\/\/www.bitsoftware.eu\/test.bitsoftware.eu\/#\/schema\/logo\/image\/","url":"https:\/\/www.bitsoftware.eu\/test.bitsoftware.eu\/wp-content\/uploads\/Logo-BITSoftware-e1495106087891.png","contentUrl":"https:\/\/www.bitsoftware.eu\/test.bitsoftware.eu\/wp-content\/uploads\/Logo-BITSoftware-e1495106087891.png","width":90,"height":63,"caption":"BITSoftware"},"image":{"@id":"https:\/\/www.bitsoftware.eu\/test.bitsoftware.eu\/#\/schema\/logo\/image\/"},"sameAs":["https:\/\/www.facebook.com\/bitsoftware\/","https:\/\/x.com\/BITSoftware","https:\/\/www.linkedin.com\/company-beta\/98784\/","https:\/\/ro.pinterest.com\/BITSoftware\/","https:\/\/www.youtube.com\/user\/BitSoftware","https:\/\/ro.wikipedia.org\/wiki\/BITSoftware"]}]}},"_links":{"self":[{"href":"https:\/\/www.bitsoftware.eu\/test.bitsoftware.eu\/wp-json\/wp\/v2\/pages\/23659","targetHints":{"allow":["GET"]}}],"collection":[{"href":"https:\/\/www.bitsoftware.eu\/test.bitsoftware.eu\/wp-json\/wp\/v2\/pages"}],"about":[{"href":"https:\/\/www.bitsoftware.eu\/test.bitsoftware.eu\/wp-json\/wp\/v2\/types\/page"}],"author":[{"embeddable":true,"href":"https:\/\/www.bitsoftware.eu\/test.bitsoftware.eu\/wp-json\/wp\/v2\/users\/1"}],"replies":[{"embeddable":true,"href":"https:\/\/www.bitsoftware.eu\/test.bitsoftware.eu\/wp-json\/wp\/v2\/comments?post=23659"}],"version-history":[{"count":0,"href":"https:\/\/www.bitsoftware.eu\/test.bitsoftware.eu\/wp-json\/wp\/v2\/pages\/23659\/revisions"}],"wp:attachment":[{"href":"https:\/\/www.bitsoftware.eu\/test.bitsoftware.eu\/wp-json\/wp\/v2\/media?parent=23659"}],"curies":[{"name":"wp","href":"https:\/\/api.w.org\/{rel}","templated":true}]}}