{"id":9975,"date":"2017-10-03T08:29:26","date_gmt":"2017-10-03T05:29:26","guid":{"rendered":"https:\/\/www.bitsoftware.eu\/test.bitsoftware.eu\/bitsoftware-2017\/?page_id=9975"},"modified":"2018-06-04T17:29:49","modified_gmt":"2018-06-04T14:29:49","slug":"deveniti-partener-bitsoftware","status":"publish","type":"page","link":"https:\/\/www.bitsoftware.eu\/test.bitsoftware.eu\/deveniti-partener-bitsoftware\/","title":{"rendered":"Deveni\u021bi partener BITSoftware"},"content":{"rendered":"<div id=\"pl-9975\"  class=\"panel-layout\" ><div id=\"pg-9975-0\"  class=\"panel-grid panel-has-style\" ><div class=\"siteorigin-panels-stretch panel-row-style panel-row-style-for-9975-0\" data-stretch-type=\"full-stretched\" ><div id=\"pgc-9975-0-0\"  class=\"panel-grid-cell\" ><div class=\"panel-cell-style panel-cell-style-for-9975-0-0\" ><div id=\"panel-9975-0-0-0\" class=\"so-panel widget widget_sow-editor panel-first-child panel-last-child\" data-index=\"0\" ><div class=\"panel-widget-style panel-widget-style-for-9975-0-0-0\" ><div\n\t\t\t\n\t\t\tclass=\"so-widget-sow-editor so-widget-sow-editor-base\"\n\t\t\t\n\t\t>\n<div class=\"siteorigin-widget-tinymce textwidget\">\n\t<h2 style=\"text-align: left;\"><strong>\u00a0Intra\u021bi \u00een programul de parteneriat<\/strong><\/h2>\n<h3>Modelul de parteneriat pentru SocrateCloud este foarte flexibil, con\u0163in\u00e2nd trei programe:<\/h3>\n<p><strong><a href=\"https:\/\/www.bitsoftware.eu\/test.bitsoftware.eu\/parteneri-bitsoftware\/#promovare\">Partener de Promovare<\/a><\/strong><br \/> <strong><a href=\"https:\/\/www.bitsoftware.eu\/test.bitsoftware.eu\/parteneri-bitsoftware\/#vanzare\">Value Added Reseller Program (VAR)<\/a><\/strong><br \/> <strong><a href=\"https:\/\/www.bitsoftware.eu\/test.bitsoftware.eu\/parteneri-bitsoftware\/#cloud\">Cloud Partner Program<\/a><\/strong><\/p>\n<p><span style=\"color: #ffffff;\">Dac\u0103 dori\u0163i s\u0103 deveni\u0163i partener SocrateCloud, v\u0103 rug\u0103m s\u0103 completa\u0163i formularul al\u0103turat \u015fi s\u0103 ap\u0103sa\u0163i apoi butonul Trimite\u021bi (c\u00e2mpurile marcate cu * sunt obligatorii).\u00a0Dup\u0103 primirea formularului, un reprezentant BITSoftware v\u0103 va contacta \u00een maximum trei zile lucr\u0103toare.<\/span><\/p>\n<h3><span style=\"color: #ffffff;\">Mai multe informa\u0163ii<\/span><\/h3>\n<p><span style=\"color: #ffffff;\">Pentru mai multe informa\u0163ii despre Programul de parteneriat SocrateCloud, v\u0103 rug\u0103m s\u0103 trimite\u0163i un e-mail la adresa:<\/span>\u00a0<a href=\"mailto:sales@bitsoftware.ro\">sales@bitsoftware.ro<\/a><\/p>\n<\/div>\n<\/div><\/div><\/div><\/div><\/div><div id=\"pgc-9975-0-1\"  class=\"panel-grid-cell\" ><div class=\"panel-cell-style panel-cell-style-for-9975-0-1\" ><div id=\"panel-9975-0-1-0\" class=\"so-panel widget widget_sow-editor panel-first-child panel-last-child\" data-index=\"1\" ><div\n\t\t\t\n\t\t\tclass=\"so-widget-sow-editor so-widget-sow-editor-base\"\n\t\t\t\n\t\t>\n<div class=\"siteorigin-widget-tinymce textwidget\">\n\t<p><!--[if lte IE 8]>\n<script charset=\"utf-8\" type=\"text\/javascript\" src=\"\/\/js.hsforms.net\/forms\/v2-legacy.js\"><\/script>\n< ![endif]--><br \/>\n<script charset=\"utf-8\" type=\"text\/javascript\" src=\"\/\/js.hsforms.net\/forms\/v2.js\"><\/script><br \/>\n<script>\n  hbspt.forms.create({ \n    css: '',\n    portalId: '692484',\n    formId: '0e86826a-8381-452b-8d75-23e5097a49fb'\n  });\n<\/script><\/p>\n<\/div>\n<\/div><\/div><\/div><\/div><\/div><\/div><\/div>","protected":false},"excerpt":{"rendered":"<p>\u00a0Intra\u021bi \u00een programul de parteneriat Modelul de parteneriat pentru SocrateCloud este foarte flexibil, con\u0163in\u00e2nd trei programe: Partener de Promovare Value Added Reseller Program (VAR) Cloud Partner Program Dac\u0103 dori\u0163i s\u0103 deveni\u0163i partener SocrateCloud, v\u0103 rug\u0103m s\u0103 completa\u0163i formularul al\u0103turat \u015fi s\u0103 ap\u0103sa\u0163i apoi butonul Trimite\u021bi (c\u00e2mpurile marcate cu * sunt obligatorii).\u00a0Dup\u0103 primirea formularului, un reprezentant [&hellip;]<\/p>\n","protected":false},"author":1,"featured_media":0,"parent":0,"menu_order":0,"comment_status":"closed","ping_status":"closed","template":"","meta":{"footnotes":""},"class_list":["post-9975","page","type-page","status-publish","hentry","post"],"yoast_head":"<!-- This site is optimized with the Yoast SEO plugin v24.4 - https:\/\/yoast.com\/wordpress\/plugins\/seo\/ -->\n<title>Deveni\u021bi partener BITSoftware. ERP CRM WMS BI Software solutions<\/title>\n<meta name=\"description\" content=\"Doriti sa deveni\u021bi partener BITSoftware? Modelul de parteneriat pentru SocrateCloud este foarte flexibil, con\u0163in\u00e2nd trei programe\" \/>\n<meta name=\"robots\" content=\"noindex, follow, max-snippet:-1, max-image-preview:large, max-video-preview:-1\" \/>\n<meta property=\"og:locale\" content=\"en_GB\" \/>\n<meta property=\"og:type\" content=\"article\" \/>\n<meta property=\"og:title\" content=\"Deveni\u021bi partener BITSoftware. ERP CRM WMS BI Software solutions\" \/>\n<meta property=\"og:description\" content=\"Doriti sa deveni\u021bi partener BITSoftware? Modelul de parteneriat pentru SocrateCloud este foarte flexibil, con\u0163in\u00e2nd trei programe\" \/>\n<meta property=\"og:url\" content=\"https:\/\/www.bitsoftware.eu\/test.bitsoftware.eu\/deveniti-partener-bitsoftware\/\" \/>\n<meta property=\"og:site_name\" content=\"BITSoftware\" \/>\n<meta property=\"article:publisher\" content=\"https:\/\/www.facebook.com\/bitsoftware\/\" \/>\n<meta property=\"article:modified_time\" content=\"2018-06-04T14:29:49+00:00\" \/>\n<meta name=\"twitter:card\" content=\"summary_large_image\" \/>\n<meta name=\"twitter:site\" content=\"@BITSoftware\" \/>\n<meta name=\"twitter:label1\" content=\"Estimated reading time\" \/>\n\t<meta name=\"twitter:data1\" content=\"1 minute\" \/>\n<script type=\"application\/ld+json\" class=\"yoast-schema-graph\">{\"@context\":\"https:\/\/schema.org\",\"@graph\":[{\"@type\":\"WebPage\",\"@id\":\"https:\/\/www.bitsoftware.eu\/test.bitsoftware.eu\/deveniti-partener-bitsoftware\/\",\"url\":\"https:\/\/www.bitsoftware.eu\/test.bitsoftware.eu\/deveniti-partener-bitsoftware\/\",\"name\":\"Deveni\u021bi partener BITSoftware. ERP CRM WMS BI Software solutions\",\"isPartOf\":{\"@id\":\"https:\/\/www.bitsoftware.eu\/test.bitsoftware.eu\/#website\"},\"datePublished\":\"2017-10-03T05:29:26+00:00\",\"dateModified\":\"2018-06-04T14:29:49+00:00\",\"description\":\"Doriti sa deveni\u021bi partener BITSoftware? Modelul de parteneriat pentru SocrateCloud este foarte flexibil, con\u0163in\u00e2nd trei programe\",\"breadcrumb\":{\"@id\":\"https:\/\/www.bitsoftware.eu\/test.bitsoftware.eu\/deveniti-partener-bitsoftware\/#breadcrumb\"},\"inLanguage\":\"en-GB\",\"potentialAction\":[{\"@type\":\"ReadAction\",\"target\":[\"https:\/\/www.bitsoftware.eu\/test.bitsoftware.eu\/deveniti-partener-bitsoftware\/\"]}]},{\"@type\":\"BreadcrumbList\",\"@id\":\"https:\/\/www.bitsoftware.eu\/test.bitsoftware.eu\/deveniti-partener-bitsoftware\/#breadcrumb\",\"itemListElement\":[{\"@type\":\"ListItem\",\"position\":1,\"name\":\"Home\",\"item\":\"https:\/\/www.bitsoftware.eu\/test.bitsoftware.eu\/\"},{\"@type\":\"ListItem\",\"position\":2,\"name\":\"Deveni\u021bi partener BITSoftware\"}]},{\"@type\":\"WebSite\",\"@id\":\"https:\/\/www.bitsoftware.eu\/test.bitsoftware.eu\/#website\",\"url\":\"https:\/\/www.bitsoftware.eu\/test.bitsoftware.eu\/\",\"name\":\"BITSoftware\",\"description\":\"ERP &amp; CRM &amp; BI &amp; WMS Software Solutions\",\"publisher\":{\"@id\":\"https:\/\/www.bitsoftware.eu\/test.bitsoftware.eu\/#organization\"},\"potentialAction\":[{\"@type\":\"SearchAction\",\"target\":{\"@type\":\"EntryPoint\",\"urlTemplate\":\"https:\/\/www.bitsoftware.eu\/test.bitsoftware.eu\/?s={search_term_string}\"},\"query-input\":{\"@type\":\"PropertyValueSpecification\",\"valueRequired\":true,\"valueName\":\"search_term_string\"}}],\"inLanguage\":\"en-GB\"},{\"@type\":\"Organization\",\"@id\":\"https:\/\/www.bitsoftware.eu\/test.bitsoftware.eu\/#organization\",\"name\":\"BITSoftware\",\"url\":\"https:\/\/www.bitsoftware.eu\/test.bitsoftware.eu\/\",\"logo\":{\"@type\":\"ImageObject\",\"inLanguage\":\"en-GB\",\"@id\":\"https:\/\/www.bitsoftware.eu\/test.bitsoftware.eu\/#\/schema\/logo\/image\/\",\"url\":\"https:\/\/www.bitsoftware.eu\/test.bitsoftware.eu\/wp-content\/uploads\/Logo-BITSoftware-e1495106087891.png\",\"contentUrl\":\"https:\/\/www.bitsoftware.eu\/test.bitsoftware.eu\/wp-content\/uploads\/Logo-BITSoftware-e1495106087891.png\",\"width\":90,\"height\":63,\"caption\":\"BITSoftware\"},\"image\":{\"@id\":\"https:\/\/www.bitsoftware.eu\/test.bitsoftware.eu\/#\/schema\/logo\/image\/\"},\"sameAs\":[\"https:\/\/www.facebook.com\/bitsoftware\/\",\"https:\/\/x.com\/BITSoftware\",\"https:\/\/www.linkedin.com\/company-beta\/98784\/\",\"https:\/\/ro.pinterest.com\/BITSoftware\/\",\"https:\/\/www.youtube.com\/user\/BitSoftware\",\"https:\/\/ro.wikipedia.org\/wiki\/BITSoftware\"]}]}<\/script>\n<!-- \/ Yoast SEO plugin. -->","yoast_head_json":{"title":"Deveni\u021bi partener BITSoftware. ERP CRM WMS BI Software solutions","description":"Doriti sa deveni\u021bi partener BITSoftware? Modelul de parteneriat pentru SocrateCloud este foarte flexibil, con\u0163in\u00e2nd trei programe","robots":{"index":"noindex","follow":"follow","max-snippet":"max-snippet:-1","max-image-preview":"max-image-preview:large","max-video-preview":"max-video-preview:-1"},"og_locale":"en_GB","og_type":"article","og_title":"Deveni\u021bi partener BITSoftware. ERP CRM WMS BI Software solutions","og_description":"Doriti sa deveni\u021bi partener BITSoftware? Modelul de parteneriat pentru SocrateCloud este foarte flexibil, con\u0163in\u00e2nd trei programe","og_url":"https:\/\/www.bitsoftware.eu\/test.bitsoftware.eu\/deveniti-partener-bitsoftware\/","og_site_name":"BITSoftware","article_publisher":"https:\/\/www.facebook.com\/bitsoftware\/","article_modified_time":"2018-06-04T14:29:49+00:00","twitter_card":"summary_large_image","twitter_site":"@BITSoftware","twitter_misc":{"Estimated reading time":"1 minute"},"schema":{"@context":"https:\/\/schema.org","@graph":[{"@type":"WebPage","@id":"https:\/\/www.bitsoftware.eu\/test.bitsoftware.eu\/deveniti-partener-bitsoftware\/","url":"https:\/\/www.bitsoftware.eu\/test.bitsoftware.eu\/deveniti-partener-bitsoftware\/","name":"Deveni\u021bi partener BITSoftware. ERP CRM WMS BI Software solutions","isPartOf":{"@id":"https:\/\/www.bitsoftware.eu\/test.bitsoftware.eu\/#website"},"datePublished":"2017-10-03T05:29:26+00:00","dateModified":"2018-06-04T14:29:49+00:00","description":"Doriti sa deveni\u021bi partener BITSoftware? Modelul de parteneriat pentru SocrateCloud este foarte flexibil, con\u0163in\u00e2nd trei programe","breadcrumb":{"@id":"https:\/\/www.bitsoftware.eu\/test.bitsoftware.eu\/deveniti-partener-bitsoftware\/#breadcrumb"},"inLanguage":"en-GB","potentialAction":[{"@type":"ReadAction","target":["https:\/\/www.bitsoftware.eu\/test.bitsoftware.eu\/deveniti-partener-bitsoftware\/"]}]},{"@type":"BreadcrumbList","@id":"https:\/\/www.bitsoftware.eu\/test.bitsoftware.eu\/deveniti-partener-bitsoftware\/#breadcrumb","itemListElement":[{"@type":"ListItem","position":1,"name":"Home","item":"https:\/\/www.bitsoftware.eu\/test.bitsoftware.eu\/"},{"@type":"ListItem","position":2,"name":"Deveni\u021bi partener BITSoftware"}]},{"@type":"WebSite","@id":"https:\/\/www.bitsoftware.eu\/test.bitsoftware.eu\/#website","url":"https:\/\/www.bitsoftware.eu\/test.bitsoftware.eu\/","name":"BITSoftware","description":"ERP &amp; CRM &amp; BI &amp; WMS Software Solutions","publisher":{"@id":"https:\/\/www.bitsoftware.eu\/test.bitsoftware.eu\/#organization"},"potentialAction":[{"@type":"SearchAction","target":{"@type":"EntryPoint","urlTemplate":"https:\/\/www.bitsoftware.eu\/test.bitsoftware.eu\/?s={search_term_string}"},"query-input":{"@type":"PropertyValueSpecification","valueRequired":true,"valueName":"search_term_string"}}],"inLanguage":"en-GB"},{"@type":"Organization","@id":"https:\/\/www.bitsoftware.eu\/test.bitsoftware.eu\/#organization","name":"BITSoftware","url":"https:\/\/www.bitsoftware.eu\/test.bitsoftware.eu\/","logo":{"@type":"ImageObject","inLanguage":"en-GB","@id":"https:\/\/www.bitsoftware.eu\/test.bitsoftware.eu\/#\/schema\/logo\/image\/","url":"https:\/\/www.bitsoftware.eu\/test.bitsoftware.eu\/wp-content\/uploads\/Logo-BITSoftware-e1495106087891.png","contentUrl":"https:\/\/www.bitsoftware.eu\/test.bitsoftware.eu\/wp-content\/uploads\/Logo-BITSoftware-e1495106087891.png","width":90,"height":63,"caption":"BITSoftware"},"image":{"@id":"https:\/\/www.bitsoftware.eu\/test.bitsoftware.eu\/#\/schema\/logo\/image\/"},"sameAs":["https:\/\/www.facebook.com\/bitsoftware\/","https:\/\/x.com\/BITSoftware","https:\/\/www.linkedin.com\/company-beta\/98784\/","https:\/\/ro.pinterest.com\/BITSoftware\/","https:\/\/www.youtube.com\/user\/BitSoftware","https:\/\/ro.wikipedia.org\/wiki\/BITSoftware"]}]}},"_links":{"self":[{"href":"https:\/\/www.bitsoftware.eu\/test.bitsoftware.eu\/wp-json\/wp\/v2\/pages\/9975","targetHints":{"allow":["GET"]}}],"collection":[{"href":"https:\/\/www.bitsoftware.eu\/test.bitsoftware.eu\/wp-json\/wp\/v2\/pages"}],"about":[{"href":"https:\/\/www.bitsoftware.eu\/test.bitsoftware.eu\/wp-json\/wp\/v2\/types\/page"}],"author":[{"embeddable":true,"href":"https:\/\/www.bitsoftware.eu\/test.bitsoftware.eu\/wp-json\/wp\/v2\/users\/1"}],"replies":[{"embeddable":true,"href":"https:\/\/www.bitsoftware.eu\/test.bitsoftware.eu\/wp-json\/wp\/v2\/comments?post=9975"}],"version-history":[{"count":0,"href":"https:\/\/www.bitsoftware.eu\/test.bitsoftware.eu\/wp-json\/wp\/v2\/pages\/9975\/revisions"}],"wp:attachment":[{"href":"https:\/\/www.bitsoftware.eu\/test.bitsoftware.eu\/wp-json\/wp\/v2\/media?parent=9975"}],"curies":[{"name":"wp","href":"https:\/\/api.w.org\/{rel}","templated":true}]}}